{"id":1655,"date":"2026-01-11T11:36:02","date_gmt":"2026-01-11T11:36:02","guid":{"rendered":"https:\/\/hotelarpad.hu\/?page_id=1655"},"modified":"2026-01-14T09:14:29","modified_gmt":"2026-01-14T09:14:29","slug":"arpad-sal","status":"publish","type":"page","link":"https:\/\/hotelarpad.hu\/cs\/arpad-sal\/","title":{"rendered":"M\u00edstnost \u00c1rp\u00e1d"},"content":{"rendered":"","protected":false},"excerpt":{"rendered":"","protected":false},"author":1,"featured_media":0,"parent":0,"menu_order":0,"comment_status":"closed","ping_status":"closed","template":"","meta":{"_acf_changed":false,"iawp_total_views":32,"footnotes":""},"class_list":["post-1655","page","type-page","status-publish","hentry"],"acf":[],"_links":{"self":[{"href":"https:\/\/hotelarpad.hu\/cs\/wp-json\/wp\/v2\/pages\/1655","targetHints":{"allow":["GET"]}}],"collection":[{"href":"https:\/\/hotelarpad.hu\/cs\/wp-json\/wp\/v2\/pages"}],"about":[{"href":"https:\/\/hotelarpad.hu\/cs\/wp-json\/wp\/v2\/types\/page"}],"author":[{"embeddable":true,"href":"https:\/\/hotelarpad.hu\/cs\/wp-json\/wp\/v2\/users\/1"}],"replies":[{"embeddable":true,"href":"https:\/\/hotelarpad.hu\/cs\/wp-json\/wp\/v2\/comments?post=1655"}],"version-history":[{"count":5,"href":"https:\/\/hotelarpad.hu\/cs\/wp-json\/wp\/v2\/pages\/1655\/revisions"}],"predecessor-version":[{"id":1739,"href":"https:\/\/hotelarpad.hu\/cs\/wp-json\/wp\/v2\/pages\/1655\/revisions\/1739"}],"wp:attachment":[{"href":"https:\/\/hotelarpad.hu\/cs\/wp-json\/wp\/v2\/media?parent=1655"}],"curies":[{"name":"wp","href":"https:\/\/api.w.org\/{rel}","templated":true}]}}