{"id":1660,"date":"2026-01-11T11:35:59","date_gmt":"2026-01-11T11:35:59","guid":{"rendered":"https:\/\/hotelarpad.hu\/?page_id=1660"},"modified":"2026-01-14T08:29:16","modified_gmt":"2026-01-14T08:29:16","slug":"arpad-kucuk-oda","status":"publish","type":"page","link":"https:\/\/hotelarpad.hu\/tr\/arpad-kucuk-oda\/","title":{"rendered":"\u00c1rp\u00e1d k\u00fc\u00e7\u00fck salon"},"content":{"rendered":"","protected":false},"excerpt":{"rendered":"","protected":false},"author":1,"featured_media":0,"parent":0,"menu_order":0,"comment_status":"closed","ping_status":"closed","template":"","meta":{"_acf_changed":false,"iawp_total_views":41,"footnotes":""},"class_list":["post-1660","page","type-page","status-publish","hentry"],"acf":[],"_links":{"self":[{"href":"https:\/\/hotelarpad.hu\/tr\/wp-json\/wp\/v2\/pages\/1660","targetHints":{"allow":["GET"]}}],"collection":[{"href":"https:\/\/hotelarpad.hu\/tr\/wp-json\/wp\/v2\/pages"}],"about":[{"href":"https:\/\/hotelarpad.hu\/tr\/wp-json\/wp\/v2\/types\/page"}],"author":[{"embeddable":true,"href":"https:\/\/hotelarpad.hu\/tr\/wp-json\/wp\/v2\/users\/1"}],"replies":[{"embeddable":true,"href":"https:\/\/hotelarpad.hu\/tr\/wp-json\/wp\/v2\/comments?post=1660"}],"version-history":[{"count":2,"href":"https:\/\/hotelarpad.hu\/tr\/wp-json\/wp\/v2\/pages\/1660\/revisions"}],"predecessor-version":[{"id":1736,"href":"https:\/\/hotelarpad.hu\/tr\/wp-json\/wp\/v2\/pages\/1660\/revisions\/1736"}],"wp:attachment":[{"href":"https:\/\/hotelarpad.hu\/tr\/wp-json\/wp\/v2\/media?parent=1660"}],"curies":[{"name":"wp","href":"https:\/\/api.w.org\/{rel}","templated":true}]}}